{"id":787,"date":"2024-06-16T12:13:06","date_gmt":"2024-06-16T12:13:06","guid":{"rendered":"https:\/\/sylvie-payonne.com\/?page_id=787"},"modified":"2024-06-24T13:24:30","modified_gmt":"2024-06-24T13:24:30","slug":"a-propos","status":"publish","type":"page","link":"https:\/\/sylvie-payonne.com\/?page_id=787","title":{"rendered":"\u00c0 propos"},"content":{"rendered":"<h4>Puissance des flous de Sylvie Payonne<\/h4>\n<p><i>Olivier Jullien, historien d\u2019art<br \/>\n<\/i><i>11 mai 2024<\/i><\/p>\n<p>On a parl\u00e9 souvent de flou artistique, sans v\u00e9rifier ce que sugg\u00e9rait cette expression.<br \/>\nIl y a des pratiques artistiques nettement orient\u00e9es vers la pr\u00e9cision, la ligne, les structures et les d\u00e9finitions claires.<br \/>\nMais l&rsquo;usage artistique du flou correspond aussi \u00e0 des sensibilit\u00e9s affirm\u00e9es qui sont des mani\u00e8res de sugg\u00e9rer le doute et l&rsquo;infini.<br \/>\nLa valeur du flou est pr\u00e9cis\u00e9ment de ne pas d\u00e9finir-finir-achever une forme\u00a0; de laisser respirer, de d\u00e9gager un espace<br \/>\npour un mouvement d&rsquo;apparition et\/ou de disparition.<\/p>\n<p>Sylvie Payonne pratique ces confusions artistiques, d\u00e9lib\u00e9r\u00e9ment car elle semble inviter les spectateurs \u00e0 concevoir un infini\u00a0;<br \/>\nles apparitions et\/ou disparitions de formes et silhouettes, gr\u00e2ce \u00e0 ces impr\u00e9cisions de contours,<br \/>\naffirment des pr\u00e9sences fortes, qui sont en suspension.<br \/>\nL&rsquo;estompage ou l&rsquo;ind\u00e9finition des contours, ne signifient pas l&rsquo;absence des corps et figures, mais leur pr\u00e9sence dans une certaine dur\u00e9e.<br \/>\nL&rsquo;artiste ne pousse jamais ses compositions jusqu&rsquo;aux bords de ses supports, les paysages et les corps semblent flotter,<br \/>\nsans se raccrocher, sans s&rsquo;amarrer aux rives des cadres.<br \/>\nLa surface de la toile et du papier n&rsquo;est pas une fen\u00eatre, une trou\u00e9e, mais comme un double de la r\u00e9tine\u00a0;<br \/>\nen effet, nos r\u00e9tines n&rsquo;ont pas de bords nets, les phosph\u00e8nes p\u00e9riph\u00e9riques n&rsquo;identifient pas<br \/>\nles formes pr\u00e9cises ni les contrastes\u00a0; notre regard n&rsquo;est pas cadr\u00e9.<br \/>\nNous retrouvons le mod\u00e8le de la \u00ab\u00a0camera obscura\u00a0\u00bb et des \u00ab\u00a0st\u00e9nop\u00e9s\u00a0\u00bb car la camera obscura est une reconstitution de l&rsquo;oeil,<br \/>\nmais s&rsquo;y joint aussi la m\u00e9taphore de la chambre, de l&rsquo;intimit\u00e9, du monde int\u00e9rieur et d&rsquo;un rapport discret avec le monde ext\u00e9rieur.<\/p>\n<p>Les cr\u00e9ations de Sylvie Payonne sont proches de ces captures floues de lumi\u00e8res.<br \/>\nEst-ce la raison de ces estompages, de ces contours incertains\u00a0?<br \/>\nUne chose est affirm\u00e9e par contre dans tous les travaux de Sylvie, c&rsquo;est la lumi\u00e8re, les ombres, les volumes.<br \/>\nDes sentiers qui sinuent sous des ramures, des herbes agit\u00e9es sous le vent, la surface rid\u00e9e des eaux,<br \/>\nautant de lieux incertains et mouvants, bien pr\u00e9sents pourtant par les perspectives et les lueurs.<br \/>\nPeu de couleurs, qui d\u00e9finiraient trop, sugg\u00e8reraient des anecdotes, des narrations.<br \/>\nSylvie Payonne pr\u00e9f\u00e8re les jeux de valeurs, des textures gratt\u00e9es, des \u00e9paisseurs, des repentirs,<br \/>\ndes traces construisant en fait tr\u00e8s pr\u00e9cis\u00e9ment des formes.<br \/>\nCes formes accrochent des lumi\u00e8res qui g\u00e9n\u00e8rent des lieux incertains.<\/p>\n<p>De m\u00eame, des corps emm\u00eal\u00e9s, justement sans contours ni silhouettes distinctes, car les contours de l&rsquo;un sont les limites de l&rsquo;autre.<br \/>\nD&rsquo;ailleurs, o\u00f9 sont-ils ou elles\u00a0? Eux aussi suspendus, non lieux, seul.e.s au monde,<br \/>\napparaissant ou disparaissant dans des luttes et des \u00e9treintes, vitales ou fatales.<\/p>\n<p>Ainsi par s\u00e9ries successives un univers personnel est assum\u00e9,<br \/>\nqui au-del\u00e0 d&rsquo;une apparente fragilit\u00e9 propose des pr\u00e9sences subtilement ambig\u00fces.<\/p>\n","protected":false},"excerpt":{"rendered":"<p>Puissance des flous de Sylvie Payonne Olivier Jullien, historien d\u2019art 11 mai 2024 On a parl\u00e9 souvent de flou artistique, sans v\u00e9rifier ce que sugg\u00e9rait cette expression. Il y a des pratiques artistiques nettement orient\u00e9es vers la pr\u00e9cision, la ligne, les structures et les d\u00e9finitions claires. Mais l&rsquo;usage artistique du flou correspond aussi \u00e0 des<\/p>\n<p class=\"more-link-wrapper\"><a href=\"https:\/\/sylvie-payonne.com\/?page_id=787\" class=\"more-link\">Continue Reading<span class=\"screen-reader-text\"> \u00ab\u00a0\u00c0 propos\u00a0\u00bb<\/span><\/a><\/p>\n","protected":false},"author":1,"featured_media":0,"parent":0,"menu_order":0,"comment_status":"closed","ping_status":"closed","template":"","meta":{"footnotes":""},"class_list":["post-787","page","type-page","status-publish","hentry"],"_links":{"self":[{"href":"https:\/\/sylvie-payonne.com\/index.php?rest_route=\/wp\/v2\/pages\/787","targetHints":{"allow":["GET"]}}],"collection":[{"href":"https:\/\/sylvie-payonne.com\/index.php?rest_route=\/wp\/v2\/pages"}],"about":[{"href":"https:\/\/sylvie-payonne.com\/index.php?rest_route=\/wp\/v2\/types\/page"}],"author":[{"embeddable":true,"href":"https:\/\/sylvie-payonne.com\/index.php?rest_route=\/wp\/v2\/users\/1"}],"replies":[{"embeddable":true,"href":"https:\/\/sylvie-payonne.com\/index.php?rest_route=%2Fwp%2Fv2%2Fcomments&post=787"}],"version-history":[{"count":7,"href":"https:\/\/sylvie-payonne.com\/index.php?rest_route=\/wp\/v2\/pages\/787\/revisions"}],"predecessor-version":[{"id":843,"href":"https:\/\/sylvie-payonne.com\/index.php?rest_route=\/wp\/v2\/pages\/787\/revisions\/843"}],"wp:attachment":[{"href":"https:\/\/sylvie-payonne.com\/index.php?rest_route=%2Fwp%2Fv2%2Fmedia&parent=787"}],"curies":[{"name":"wp","href":"https:\/\/api.w.org\/{rel}","templated":true}]}}