{"id":5,"date":"2011-07-06T08:41:52","date_gmt":"2011-07-06T08:41:52","guid":{"rendered":"http:\/\/sylvie-payonne.com\/?page_id=5"},"modified":"2026-04-18T12:00:27","modified_gmt":"2026-04-18T12:00:27","slug":"biographie","status":"publish","type":"page","link":"https:\/\/sylvie-payonne.com\/?page_id=5","title":{"rendered":"Biographie"},"content":{"rendered":"\r\n\r\n\r\n\r\n\r\n<p><em><strong>Expositions personnelles et collectives :<br \/><br \/><\/strong><\/em>2026 : <em>L&#8217;embrasement, le feu <\/em>&#8211; Exposition collective &#8211;\u00a0Ch\u00e2teau de la Fresnaye &#8211; Combs la Ville \u00a0<br \/>2025 : <em>Petits formats <\/em>&#8211; Groupe K-Droz &#8211; Espace S\u00e9gur &#8211; Paris 15e<br \/>2025 : <em>L&rsquo;arbre<\/em>\u00a0&#8211; Exposition collective &#8211; Espace Saint-Jean &#8211; Melun 77<br \/>2024 : <em>Des yeux au palais\u00a0<\/em>&#8211; Groupe K-Droz &#8211; Espace S\u00e9gur &#8211; Paris 15e<br \/>2024 : <em>Le bleu\u00a0<\/em>&#8211; Groupe K-Droz &#8211; H\u00f4tel Dieu &#8211; Chateau Landon 77<br \/>2024 : M\u00e9diath\u00e8que l&rsquo;Astrolabe &#8211; Exposition collective &#8211; Melun 77<br \/>2024 : Espace Saint-Jean &#8211; Jeux de dames, exposition collective Melun 77<br \/>2023 : M\u00e9diath\u00e8que l&rsquo;Astrolabe &#8211; Exposition collective &#8211; Melun 77<br \/>2023 : Dessins et peintures &#8211; Exposition personnelle &#8211; \u00a0Restaurant Le cyclamen &#8211; Melun 77<br \/>2023 : Les vitrines de l&rsquo;art &#8211; Exposition collective &#8211; Jeux de dames &#8211; Fontainebleau 77<br \/>2022 : Espace Saint Jean &#8211; Jeux de dames, exposition collective Melun 77<br \/>2022 : Jeux de dames &#8211; Exposition collective Fontainebleau 77<br \/>2022 : Dessins &#8211; Exposition personnelle &#8211; Le Buv&rsquo;Art &#8211; Lasserre Prad\u00e8re 31<br \/>2021 : Dessins &#8211; Exposition personnelle &#8211; Bar Le baron Rouge &#8211; Paris 12e<br \/>2021 : Sculpture c\u00e9ramique &#8211; Exposition collective &#8211; M\u00e9diath\u00e8que A. Camus &#8211; Evry 91<br \/>2012 : <em>L&rsquo;art nous regarde<\/em> &#8211; Collectif compas &#8211; Ch\u00e2teau de La Fresnaye &#8211; Combs la Ville 77<br \/>2012 : <em>Groupe Compas expose<\/em> &#8211; Maison dans la vall\u00e9e &#8211; Avon 77<br \/>2010 : Sculptures &#8211; Exposition collective &#8211; Mairie de La Rochette 77<br \/>2009 : <em>Groupe Compas, les 10 ans<\/em> &#8211; Ch\u00e2teau de La Fresnaye &#8211; Combs la Ville 77<br \/>2008 : <em>Carreaux de Vert<\/em> &#8211; Exposition collective &#8211; Vert st Denis 77<br \/>2008 : Sculptures &#8211; Exposition collective &#8211; Valence en Brie 77<br \/>2007 : <em>F\u00e9minit\u00e9s<\/em> &#8211; Exposition collective &#8211; Ch\u00e2teau de La Fresnaye &#8211; Combs la Ville 77<br \/>2006 : <em>Art et Musique<\/em> &#8211; Exposition collective &#8211; Maison des jeunes &#8211; Lieusaint 77<br \/>2006 : <em>Lames et reflets<\/em> &#8211; Exposition collective &#8211; La Ferme &#8211; Boussy st Antoine 91<br \/>2006 : <em>D\u00e9cadrage<\/em> &#8211; Exposition collective &#8211; Ch\u00e2teau de La Fresnaye &#8211; Combs la Ville 77<br \/>2002 : <em>Couleur, mati\u00e8re \u00e0 po\u00e9sie<\/em> &#8211; Exposition collective &#8211; Ch\u00e2teau de La Fresnaye &#8211; Combs la Ville 77<br \/>2001 : <em>Suite en blanc<\/em> &#8211; Exposition collective &#8211; M\u00e9diath\u00e8que La Rotonde &#8211; Moissy 77<br \/>2000 : <em>Compas expose au Foyer APF<\/em> &#8211; Exposition collective &#8211; Combs la Ville 77<br \/>1998 : Peintures &#8211; Exposition collective &#8211; La Coupole &#8211; Combs la Ville 77<br \/>1996 : Peintures &#8211; Exposition collective &#8211; La Coupole &#8211; Combs la Ville 77<br \/>1984 : Salon des Illustrateurs &#8211; Paris<br \/>1982 : 2e convergence jeune peinture &#8211; Grand Palais &#8211; Paris<br \/>1981 : 1\u00e8re convergence jeune peinture &#8211; Grand Palais &#8211; Paris<\/p>\r\n<p><em><strong>Formation initiale et compl\u00e9mentaire :<\/strong><\/em><br \/><br \/>1975 &#8211; 1980 : Arts plastiques &#8211; Licence et Ma\u00eetrise &#8211; Paris 8.<br \/>1982 : Arts appliqu\u00e9s &#8211; Ecole Dup\u00e9rr\u00e9, cours du soir.<br \/>1985 : Dessin publicitaire &#8211; Atelier Blaise Rossetti. Paris<br \/>1996 : Infographie &#8211; Greta 77<br \/>1996 &#8211; 2010 : Ateliers d\u2019art : Christian Perrais (peinture) , J.F. Duchatel (sculpture).<br \/>2002 : Concours EN en arts appliqu\u00e9s.<\/p>\r\n<p><em><strong>Profession :<\/strong><\/em><br \/>1995 &#8211; 2020 : Professeur d&rsquo;\u00e9ducation artistique\/arts appliqu\u00e9s et infographie. Titulaire EN &#8211;\u00a0<br \/>1982 &#8211; 1995 : Graphiste-illustratrice free lance.<br \/>1983 &#8211; 1985 : Infographiste pigiste TF1 et Antenne 2.<\/p>\r\n<p><strong><em>El\u00e9ments de parcours<\/em><\/strong><br \/><br \/><em><strong>Aux sources de mon univers\u2026<\/strong><\/em><br \/>Passer l\u2019enfance dans un monde d\u2019images et de livres anciens <br \/>aux reliures pr\u00e9cieuses, dans l&rsquo;atelier du grand p\u00e8re relieur.<br \/>Observer la patine du temps sur un papier, un cuir, un or,<br \/>Approcher la lettre et l&rsquo;\u00e9criture dans l&rsquo;atelier paternel, graveur sur pierre.<br \/>Dessiner et r\u00eaver longtemps dans des jardins, tant r\u00e9els qu\u2019imaginaires,<br \/>Apprendre \u00e0 conna\u00eetre les fleurs, les oiseaux.<br \/>Chercher sans cesse des coquillages, des fossiles dans la glaise noire,<br \/>des cailloux polis.<br \/>Imaginer des vies d\u2019une autre \u00e8re et questionner des myst\u00e8res.<\/p>\r\n<p>\r\n\r\n<\/p>\r\n<p><em><strong>Puis\u2026<\/strong><\/em><br \/>Choisir des \u00e9tudes artistiques,<br \/>Fr\u00e9quenter des ateliers, mettre en oeuvre des techniques.<br \/>Dessiner encore, toujours\u2026 peindre, modeler&#8230;<br \/>Devenir graphiste illustratrice,<br \/>Enseigner les arts appliqu\u00e9s et l\u2019infographie.<br \/>Rencontrer d\u2019autres artistes,<br \/>Exposer au sein de collectifs,<br \/>Echanger dans une tension cr\u00e9ative f\u00e9conde.<br \/>Longtemps trouver ses langages autour du corps et du v\u00e9g\u00e9tal,<br \/>Accueillir d\u2019autres sources d\u2019inspiration,<br \/>Parfois faire silence, prendre le temps\u2026<\/p>\r\n<p>\r\n\r\n<\/p>\r\n<p><em><strong>Aujourd\u2019hui,<\/strong><\/em><br \/>Trouver une respiration au coeur de paysages imaginaires.<br \/>A foison, dessiner des sc\u00e8nes faites de terre, d\u2019eau et de ciel.<br \/>Accueillir le v\u00e9g\u00e9tal dans mes espaces cr\u00e9atifs.<br \/>Sugg\u00e9rer l&#8217;empreinte des corps en creusant\u00a0mes traces de m\u00e9moire\u2026<\/p>\r\n\r\n\r\n\r\n<p>&nbsp;<\/p>\r\n\r\n\r\n\r\n<p>&nbsp;<\/p>\r\n","protected":false},"excerpt":{"rendered":"<p>Expositions personnelles et collectives : 2026 : L&#8217;embrasement, le feu &#8211; Exposition collective &#8211;\u00a0Ch\u00e2teau de la Fresnaye &#8211; Combs la Ville \u00a02025 : Petits formats &#8211; Groupe K-Droz &#8211; Espace S\u00e9gur &#8211; Paris 15e2025 : L&rsquo;arbre\u00a0&#8211; Exposition collective &#8211; Espace Saint-Jean &#8211; Melun 772024 : Des yeux au palais\u00a0&#8211; Groupe K-Droz &#8211; Espace S\u00e9gur &#8211;<\/p>\n<p class=\"more-link-wrapper\"><a href=\"https:\/\/sylvie-payonne.com\/?page_id=5\" class=\"more-link\">Continue Reading<span class=\"screen-reader-text\"> \u00ab\u00a0Biographie\u00a0\u00bb<\/span><\/a><\/p>\n","protected":false},"author":1,"featured_media":0,"parent":0,"menu_order":1,"comment_status":"closed","ping_status":"closed","template":"","meta":{"footnotes":""},"class_list":["post-5","page","type-page","status-publish","hentry"],"_links":{"self":[{"href":"https:\/\/sylvie-payonne.com\/index.php?rest_route=\/wp\/v2\/pages\/5","targetHints":{"allow":["GET"]}}],"collection":[{"href":"https:\/\/sylvie-payonne.com\/index.php?rest_route=\/wp\/v2\/pages"}],"about":[{"href":"https:\/\/sylvie-payonne.com\/index.php?rest_route=\/wp\/v2\/types\/page"}],"author":[{"embeddable":true,"href":"https:\/\/sylvie-payonne.com\/index.php?rest_route=\/wp\/v2\/users\/1"}],"replies":[{"embeddable":true,"href":"https:\/\/sylvie-payonne.com\/index.php?rest_route=%2Fwp%2Fv2%2Fcomments&post=5"}],"version-history":[{"count":25,"href":"https:\/\/sylvie-payonne.com\/index.php?rest_route=\/wp\/v2\/pages\/5\/revisions"}],"predecessor-version":[{"id":851,"href":"https:\/\/sylvie-payonne.com\/index.php?rest_route=\/wp\/v2\/pages\/5\/revisions\/851"}],"wp:attachment":[{"href":"https:\/\/sylvie-payonne.com\/index.php?rest_route=%2Fwp%2Fv2%2Fmedia&parent=5"}],"curies":[{"name":"wp","href":"https:\/\/api.w.org\/{rel}","templated":true}]}}