{"id":2,"date":"2011-07-06T08:29:22","date_gmt":"2011-07-06T08:29:22","guid":{"rendered":"http:\/\/sylvie-payonne.com\/?page_id=2"},"modified":"2024-06-16T14:22:37","modified_gmt":"2024-06-16T14:22:37","slug":"page-d-exemple","status":"publish","type":"page","link":"https:\/\/sylvie-payonne.com\/?page_id=2","title":{"rendered":"Pr\u00e9sentation"},"content":{"rendered":"\r\n\r\n\r\n<h5><em>Mes travaux r\u00e9cents sont des images mentales, des lieux imaginaires. <\/em><br \/><em>Ils sont une r\u00e9alit\u00e9 int\u00e9rieure.<\/em><br \/><br \/><\/h5>\r\n\r\n\r\n\r\n<p><em><strong>L&rsquo;eau et le feu <\/strong>&#8211; pastel \u00e0 l&rsquo;huile sur toile, pastel sec ou \u00e0 l&rsquo;huile\u2026<strong><br \/><\/strong><\/em>Dans ces bois sombres ou lumineux,<br \/>partout l&rsquo;eau s&rsquo;infiltre.<br \/>Au cr\u00e9puscule, l&rsquo;horizon s&#8217;embrase\u00a0<br \/>au fond des vall\u00e9es.<br \/>Retrait de l&rsquo;oc\u00e9an, gr\u00e8ves noircies.<br \/>Les arbres sont noirs le long des chemins creux.<br \/>La menace est silencieuse.<\/p>\r\n<p><em><strong>L&#8217;empreinte des corps <\/strong>&#8211; fusain, graphite, stylo gel<\/em><br \/>Comme des sillons sur une paroi grav\u00e9e,<br \/>Empreintes douces ou tourment\u00e9es,<br \/>R\u00e9manence d&rsquo;\u00e9treintes, contes d&rsquo;antan\u00a0<br \/>en palimpsestes<\/p>\r\n\r\n\r\n\r\n<p><strong><em>Paysages au fusain <\/em><\/strong><em>&#8211; fusain, graphite, pastel tendre<\/em><br \/>Je cherche mes r\u00e9cits de m\u00e9moire.<br \/>Progressivement, formes, ombres et lumi\u00e8res sugg\u00e8rent un possible.<br \/>Le format tourne puis s&rsquo;arr\u00eate.<br \/>Des rivages, des dunes, des pentes\u2026<br \/>Sous le vent, des orages attendent.<br \/>Parfois le paysage est noir, il porte trace de combats anciens&#8230;<br \/>La terre garde en m\u00e9moire les terres br\u00fbl\u00e9es de notre histoire,<br \/>Savoir : la mati\u00e8re est m\u00eal\u00e9e de m\u00e9tal sous les tumulus.<\/p>\r\n\r\n\r\n\r\n\r\n\r\n<p><strong>&#8211; &#8211; &#8211; &#8211; &#8211; &#8211; &#8211; &#8211; &#8211; &#8211; &#8211; &#8211; &#8211; &#8211; &#8211; &#8211; <\/strong><\/p>\r\n\r\n\r\n\r\n<p><em>My recent artworks are mental images of landscapes<br \/>They are not abstract; they are a reality \u201cnext door\u201d.<br \/>They are not predefined. They seek each other out slowly before they exist.<br \/><\/em><\/p>\r\n\r\n\r\n\r\n<p>&nbsp;<\/p>\r\n\r\n\r\n\r\n<p>&nbsp;<\/p>\r\n","protected":false},"excerpt":{"rendered":"<p>Mes travaux r\u00e9cents sont des images mentales, des lieux imaginaires. Ils sont une r\u00e9alit\u00e9 int\u00e9rieure. L&rsquo;eau et le feu &#8211; pastel \u00e0 l&rsquo;huile sur toile, pastel sec ou \u00e0 l&rsquo;huile\u2026Dans ces bois sombres ou lumineux,partout l&rsquo;eau s&rsquo;infiltre.Au cr\u00e9puscule, l&rsquo;horizon s&#8217;embrase\u00a0au fond des vall\u00e9es.Retrait de l&rsquo;oc\u00e9an, gr\u00e8ves noircies.Les arbres sont noirs le long des chemins creux.La<\/p>\n<p class=\"more-link-wrapper\"><a href=\"https:\/\/sylvie-payonne.com\/?page_id=2\" class=\"more-link\">Continue Reading<span class=\"screen-reader-text\"> \u00ab\u00a0Pr\u00e9sentation\u00a0\u00bb<\/span><\/a><\/p>\n","protected":false},"author":1,"featured_media":0,"parent":0,"menu_order":0,"comment_status":"open","ping_status":"closed","template":"","meta":{"footnotes":""},"class_list":["post-2","page","type-page","status-publish","hentry"],"_links":{"self":[{"href":"https:\/\/sylvie-payonne.com\/index.php?rest_route=\/wp\/v2\/pages\/2","targetHints":{"allow":["GET"]}}],"collection":[{"href":"https:\/\/sylvie-payonne.com\/index.php?rest_route=\/wp\/v2\/pages"}],"about":[{"href":"https:\/\/sylvie-payonne.com\/index.php?rest_route=\/wp\/v2\/types\/page"}],"author":[{"embeddable":true,"href":"https:\/\/sylvie-payonne.com\/index.php?rest_route=\/wp\/v2\/users\/1"}],"replies":[{"embeddable":true,"href":"https:\/\/sylvie-payonne.com\/index.php?rest_route=%2Fwp%2Fv2%2Fcomments&post=2"}],"version-history":[{"count":29,"href":"https:\/\/sylvie-payonne.com\/index.php?rest_route=\/wp\/v2\/pages\/2\/revisions"}],"predecessor-version":[{"id":826,"href":"https:\/\/sylvie-payonne.com\/index.php?rest_route=\/wp\/v2\/pages\/2\/revisions\/826"}],"wp:attachment":[{"href":"https:\/\/sylvie-payonne.com\/index.php?rest_route=%2Fwp%2Fv2%2Fmedia&parent=2"}],"curies":[{"name":"wp","href":"https:\/\/api.w.org\/{rel}","templated":true}]}}